{"id":224108,"date":"2023-08-22T01:16:21","date_gmt":"2023-08-22T01:16:21","guid":{"rendered":"http:\/\/raffinamoblamientos.com.ar\/page\/?post_type=product&#038;p=224108"},"modified":"2023-08-22T01:19:38","modified_gmt":"2023-08-22T01:19:38","slug":"silla-riccione-resp-cano","status":"publish","type":"product","link":"https:\/\/raffinamoblamientos.com.ar\/page\/product\/silla-riccione-resp-cano\/","title":{"rendered":"Silla Riccione Respaldar Ca\u00f1o"},"content":{"rendered":"<p>Silla Riccione con respaldar en ca\u00f1o construida en ca\u00f1o 1 1\/4&#8243; (31.75mm) de di\u00e1metro con acabado en pintura en polvo termo convertible a 220\u00b0C con tratamiento de desengras y fostatizado. Respaldar con 4 ca\u00f1os 10&#215;20 curvos. El tapizado es realizado en eco cuero, de varios colores (consultar catalogo de colores), y goma espuma de alta densidad.<\/p>\n","protected":false},"excerpt":{"rendered":"<p>Silla Riccione con respaldar en ca\u00f1o construida en ca\u00f1o 1 1\/4&#8243; (31.75mm) de di\u00e1metro con acabado en pintura en polvo termo convertible a 220\u00b0C con tratamiento de desengras y fostatizado. Respaldar con 4 ca\u00f1os 10&#215;20 curvos. El tapizado es realizado en eco cuero, de varios colores (consultar catalogo de colores), y goma espuma de alta [&hellip;]<\/p>\n","protected":false},"featured_media":224110,"comment_status":"open","ping_status":"closed","template":"","meta":{"_et_pb_use_builder":"","_et_pb_old_content":"","_et_gb_content_width":""},"product_brand":[],"product_cat":[23],"product_tag":[],"class_list":{"0":"post-224108","1":"product","2":"type-product","3":"status-publish","4":"has-post-thumbnail","6":"product_cat-linea-hogar","8":"first","9":"instock","10":"shipping-taxable","11":"product-type-simple"},"_links":{"self":[{"href":"https:\/\/raffinamoblamientos.com.ar\/page\/wp-json\/wp\/v2\/product\/224108","targetHints":{"allow":["GET"]}}],"collection":[{"href":"https:\/\/raffinamoblamientos.com.ar\/page\/wp-json\/wp\/v2\/product"}],"about":[{"href":"https:\/\/raffinamoblamientos.com.ar\/page\/wp-json\/wp\/v2\/types\/product"}],"replies":[{"embeddable":true,"href":"https:\/\/raffinamoblamientos.com.ar\/page\/wp-json\/wp\/v2\/comments?post=224108"}],"wp:featuredmedia":[{"embeddable":true,"href":"https:\/\/raffinamoblamientos.com.ar\/page\/wp-json\/wp\/v2\/media\/224110"}],"wp:attachment":[{"href":"https:\/\/raffinamoblamientos.com.ar\/page\/wp-json\/wp\/v2\/media?parent=224108"}],"wp:term":[{"taxonomy":"product_brand","embeddable":true,"href":"https:\/\/raffinamoblamientos.com.ar\/page\/wp-json\/wp\/v2\/product_brand?post=224108"},{"taxonomy":"product_cat","embeddable":true,"href":"https:\/\/raffinamoblamientos.com.ar\/page\/wp-json\/wp\/v2\/product_cat?post=224108"},{"taxonomy":"product_tag","embeddable":true,"href":"https:\/\/raffinamoblamientos.com.ar\/page\/wp-json\/wp\/v2\/product_tag?post=224108"}],"curies":[{"name":"wp","href":"https:\/\/api.w.org\/{rel}","templated":true}]}}