{"id":224042,"date":"2023-08-18T00:00:23","date_gmt":"2023-08-18T00:00:23","guid":{"rendered":"http:\/\/raffinamoblamientos.com.ar\/page\/?post_type=product&#038;p=224042"},"modified":"2023-08-20T03:21:25","modified_gmt":"2023-08-20T03:21:25","slug":"silla-universitaria-respaldar-cano","status":"publish","type":"product","link":"https:\/\/raffinamoblamientos.com.ar\/page\/product\/silla-universitaria-respaldar-cano\/","title":{"rendered":"Silla Universitaria Respaldar Ca\u00f1o"},"content":{"rendered":"<hr \/>\n<p>Silla construida en ca\u00f1o de 1&#8243; (25.4mm) y reforzada en sus pata con un aro de 5\/8&#8243; (15.87mm). Respaldar met\u00e1lico de ca\u00f1o 10x20mm curvo y espacio porta objeto bajo asiento.<br \/>\nEstructura met\u00e1lica terminada con pintura en polvo termo convertible y madera con laminado pl\u00e1stico en su superficie.<\/p>\n<p>** Consulte disponibilidad por otros colores de laminado utilizando nuestros medios de contactos. **<\/p>\n<h6><strong><u>ESPECIFICACIONES DE LA SILLA<\/u><\/strong><\/h6>\n<p>Alto: 85cm.<br \/>\nAncho: 62cm.<br \/>\nProfundidad: 74cm.<br \/>\nAltura Asiento: 45cm.<br \/>\nAltura paleta 75cm.<br \/>\nTipo de paleta: Fija o rebatible.<\/p>\n<h6><strong><u>COLORES DE CA\u00d1O<\/u><\/strong><\/h6>\n<p><img loading=\"lazy\" decoding=\"async\" class=\"alignnone wp-image-224075 size-medium\" src=\"http:\/\/raffinamoblamientos.com.ar\/page\/wp-content\/uploads\/2021\/12\/canoEscolarGrado-300x83.png\" alt=\"\" width=\"300\" height=\"83\" srcset=\"https:\/\/raffinamoblamientos.com.ar\/page\/wp-content\/uploads\/2021\/12\/canoEscolarGrado-300x83.png 300w, https:\/\/raffinamoblamientos.com.ar\/page\/wp-content\/uploads\/2021\/12\/canoEscolarGrado.png 400w\" sizes=\"(max-width: 300px) 100vw, 300px\" \/><\/p>\n<h6><strong><u>COLORES DE MADERA<\/u><\/strong><\/h6>\n<p><img loading=\"lazy\" decoding=\"async\" class=\"alignnone wp-image-224084 size-medium\" src=\"http:\/\/raffinamoblamientos.com.ar\/page\/wp-content\/uploads\/2021\/12\/laminadoGrados-300x66.png\" alt=\"\" width=\"300\" height=\"66\" \/><\/p>\n<hr \/>\n<h4><\/h4>\n","protected":false},"excerpt":{"rendered":"<p>Silla construida en ca\u00f1o de 1&#8243; (25.4mm) y reforzada en sus pata con un aro de 5\/8&#8243; (15.87mm). Respaldar met\u00e1lico de ca\u00f1o 10x20mm curvo y espacio porta objeto bajo asiento. Estructura met\u00e1lica terminada con pintura en polvo termo convertible y madera con laminado pl\u00e1stico en su superficie. ** Consulte disponibilidad por otros colores de laminado [&hellip;]<\/p>\n","protected":false},"featured_media":108,"comment_status":"open","ping_status":"closed","template":"","meta":{"_et_pb_use_builder":"","_et_pb_old_content":"","_et_gb_content_width":""},"product_brand":[],"product_cat":[22],"product_tag":[],"class_list":{"0":"post-224042","1":"product","2":"type-product","3":"status-publish","4":"has-post-thumbnail","6":"product_cat-linea-escolar","8":"first","9":"instock","10":"shipping-taxable","11":"product-type-simple"},"_links":{"self":[{"href":"https:\/\/raffinamoblamientos.com.ar\/page\/wp-json\/wp\/v2\/product\/224042","targetHints":{"allow":["GET"]}}],"collection":[{"href":"https:\/\/raffinamoblamientos.com.ar\/page\/wp-json\/wp\/v2\/product"}],"about":[{"href":"https:\/\/raffinamoblamientos.com.ar\/page\/wp-json\/wp\/v2\/types\/product"}],"replies":[{"embeddable":true,"href":"https:\/\/raffinamoblamientos.com.ar\/page\/wp-json\/wp\/v2\/comments?post=224042"}],"wp:featuredmedia":[{"embeddable":true,"href":"https:\/\/raffinamoblamientos.com.ar\/page\/wp-json\/wp\/v2\/media\/108"}],"wp:attachment":[{"href":"https:\/\/raffinamoblamientos.com.ar\/page\/wp-json\/wp\/v2\/media?parent=224042"}],"wp:term":[{"taxonomy":"product_brand","embeddable":true,"href":"https:\/\/raffinamoblamientos.com.ar\/page\/wp-json\/wp\/v2\/product_brand?post=224042"},{"taxonomy":"product_cat","embeddable":true,"href":"https:\/\/raffinamoblamientos.com.ar\/page\/wp-json\/wp\/v2\/product_cat?post=224042"},{"taxonomy":"product_tag","embeddable":true,"href":"https:\/\/raffinamoblamientos.com.ar\/page\/wp-json\/wp\/v2\/product_tag?post=224042"}],"curies":[{"name":"wp","href":"https:\/\/api.w.org\/{rel}","templated":true}]}}