{"id":34,"date":"2018-07-14T00:55:51","date_gmt":"2018-07-14T00:55:51","guid":{"rendered":"http:\/\/raffinamoblamientos.com.ar\/page\/?page_id=34"},"modified":"2021-07-12T15:27:00","modified_gmt":"2021-07-12T15:27:00","slug":"inicio","status":"publish","type":"page","link":"https:\/\/raffinamoblamientos.com.ar\/page\/","title":{"rendered":"Inicio"},"content":{"rendered":"<p>[et_pb_section fb_built=\u00bb1&#8243; fullwidth=\u00bbon\u00bb _builder_version=\u00bb4.9.2&#8243; _module_preset=\u00bbdefault\u00bb][et_pb_fullwidth_slider _builder_version=\u00bb4.9.2&#8243; _module_preset=\u00bbdefault\u00bb header_font=\u00bb|600||on|||||\u00bb header_font_size=\u00bb50px\u00bb custom_button=\u00bbon\u00bb button_text_size=\u00bb14px\u00bb button_text_color=\u00bb#FFFFFF\u00bb button_bg_color=\u00bbRGBA(0,0,0,0)\u00bb button_border_color=\u00bb#ffed00&#8243; button_border_radius=\u00bb6px\u00bb button_font=\u00bb|600||on|||||\u00bb button_icon=\u00bb%%3%%\u00bb button_custom_padding=\u00bb12px|25px|12px|25px|true|true\u00bb custom_padding=\u00bb189px|||||\u00bb custom_padding_tablet=\u00bb150px||||false|false\u00bb custom_padding_phone=\u00bb80px||80px||true|false\u00bb custom_padding_last_edited=\u00bbon|phone\u00bb header_font_size_tablet=\u00bb\u00bb header_font_size_phone=\u00bb9vw\u00bb header_font_size_last_edited=\u00bbon|phone\u00bb button_bg_color__hover_enabled=\u00bbon|hover\u00bb button_bg_color__hover=\u00bb#ffed00&#8243; button_bg_enable_color__hover=\u00bbon\u00bb button_text_color__hover_enabled=\u00bbon|hover\u00bb button_text_color__hover=\u00bb#252525&#8243;][et_pb_slide heading=\u00bbL\u00ednea hogar\u00bb button_text=\u00bbVer productos\u00bb button_link=\u00bbhttp:\/\/raffinamoblamientos.com.ar\/page\/product-category\/linea-hogar\/\u00bb use_bg_overlay=\u00bbon\u00bb bg_overlay_color=\u00bbrgba(37,37,37,0.5)\u00bb use_text_overlay=\u00bboff\u00bb _builder_version=\u00bb4.9.2&#8243; _module_preset=\u00bbdefault\u00bb background_enable_color=\u00bboff\u00bb background_image=\u00bbhttp:\/\/raffinamoblamientos.com.ar\/page\/wp-content\/uploads\/2021\/04\/banner-house-3.jpg\u00bb background_enable_image=\u00bbon\u00bb parallax=\u00bbon\u00bb parallax_method=\u00bboff\u00bb custom_button=\u00bbon\u00bb sticky_transition=\u00bbon\u00bb][\/et_pb_slide][et_pb_slide heading=\u00bbL\u00ednea escolar\u00bb button_text=\u00bbVer productos\u00bb button_link=\u00bbhttp:\/\/raffinamoblamientos.com.ar\/page\/product-category\/linea-escolar\/\u00bb use_bg_overlay=\u00bbon\u00bb bg_overlay_color=\u00bbrgba(37,37,37,0.5)\u00bb use_text_overlay=\u00bboff\u00bb _builder_version=\u00bb4.9.2&#8243; _module_preset=\u00bbdefault\u00bb background_enable_color=\u00bboff\u00bb background_image=\u00bbhttp:\/\/raffinamoblamientos.com.ar\/page\/wp-content\/uploads\/2018\/07\/aula@1x.png\u00bb background_enable_image=\u00bbon\u00bb parallax=\u00bbon\u00bb parallax_method=\u00bboff\u00bb sticky_transition=\u00bbon\u00bb][\/et_pb_slide][\/et_pb_fullwidth_slider][\/et_pb_section][et_pb_section fb_built=\u00bb1&#8243; custom_padding_last_edited=\u00bbon|phone\u00bb _builder_version=\u00bb4.9.2&#8243; _module_preset=\u00bbdefault\u00bb use_background_color_gradient=\u00bbon\u00bb background_color_gradient_start=\u00bb#f6f6f6&#8243; background_color_gradient_end=\u00bb#ffffff\u00bb background_color_gradient_direction=\u00bb90deg\u00bb background_color_gradient_start_position=\u00bb50%\u00bb background_color_gradient_end_position=\u00bb50%\u00bb custom_padding=\u00bb70px||70px||true|false\u00bb custom_padding_tablet=\u00bb\u00bb custom_padding_phone=\u00bb40px||20px||false|false\u00bb background_color_tablet=\u00bb#FFFFFF\u00bb background_color_phone=\u00bb#FFFFFF\u00bb background_last_edited=\u00bbon|phone\u00bb background_enable_color_tablet=\u00bbon\u00bb background_enable_color_phone=\u00bbon\u00bb use_background_color_gradient_tablet=\u00bboff\u00bb][et_pb_row column_structure=\u00bb1_2,1_2&#8243; use_custom_gutter=\u00bbon\u00bb gutter_width=\u00bb4&#8243; _builder_version=\u00bb4.9.2&#8243; _module_preset=\u00bbdefault\u00bb background_enable_color=\u00bboff\u00bb width=\u00bb87%\u00bb max_width=\u00bbnone\u00bb][et_pb_column type=\u00bb1_2&#8243; _builder_version=\u00bb4.9.2&#8243; _module_preset=\u00bbdefault\u00bb custom_padding=\u00bb|40px|||false|false\u00bb hover_enabled=\u00bb0&#8243; sticky_enabled=\u00bb0&#8243;][et_pb_text _builder_version=\u00bb4.9.2&#8243; _module_preset=\u00bbdefault\u00bb header_3_font=\u00bb|600|||||||\u00bb header_3_font_size=\u00bb34px\u00bb custom_margin=\u00bb||15px||false|false\u00bb hover_enabled=\u00bb0&#8243; header_3_font_size_tablet=\u00bb\u00bb header_3_font_size_phone=\u00bb7vw\u00bb header_3_font_size_last_edited=\u00bbon|phone\u00bb sticky_enabled=\u00bb0&#8243;]<\/p>\n<h3>Nosotros<\/h3>\n<p>[\/et_pb_text][et_pb_divider color=\u00bb#ffed00&#8243; divider_weight=\u00bb2px\u00bb _builder_version=\u00bb4.9.2&#8243; _module_preset=\u00bbdefault\u00bb width=\u00bb10%\u00bb module_alignment=\u00bbleft\u00bb custom_margin=\u00bb||15px||false|false\u00bb][\/et_pb_divider][et_pb_text _builder_version=\u00bb4.9.2&#8243; _module_preset=\u00bbdefault\u00bb text_line_height=\u00bb2em\u00bb text_orientation=\u00bbjustified\u00bb]<\/p>\n<p>Somos una empresa familiar con m\u00e1s de 35 a\u00f1os en el rubro de la fabricaci\u00f3n y comercializaci\u00f3n de Mesas, Sillas y muebles de ca\u00f1o. La experiencia adquirida en estos a\u00f1os, nos posibilita brindarles a nuestros clientes asesoramiento y productos de calidad.<\/p>\n<p>A lo largo de estos a\u00f1os hemos cubierto la demanda de un p\u00fablico variado. Muebler\u00edas, casas de art\u00edculos de hogar, instituciones educativas, p\u00fablicas y privadas, forman parte de nuestra cartera de clientes.<\/p>\n<p><em><strong>Realizamos ventas mayoristas y minoristas.<\/strong><\/em><\/p>\n<p>[\/et_pb_text][\/et_pb_column][et_pb_column type=\u00bb1_2&#8243; _builder_version=\u00bb4.9.2&#8243; _module_preset=\u00bbdefault\u00bb custom_padding=\u00bb||||false|false\u00bb][et_pb_slider show_arrows=\u00bboff\u00bb show_pagination=\u00bboff\u00bb show_content_on_mobile=\u00bboff\u00bb show_image_video_mobile=\u00bbon\u00bb _builder_version=\u00bb4.9.2&#8243; _module_preset=\u00bbdefault\u00bb custom_padding=\u00bb0px||0px||true|true\u00bb animation_style=\u00bbslide\u00bb animation_duration=\u00bb1300ms\u00bb animation_intensity_slide=\u00bb5%\u00bb auto=\u00bbon\u00bb auto_speed=\u00bb5000&#8243; auto_ignore_hover=\u00bbon\u00bb hover_enabled=\u00bb0&#8243; animation_starting_opacity_last_edited=\u00bboff|desktop\u00bb sticky_enabled=\u00bb0&#8243;][et_pb_slide image=\u00bbhttp:\/\/raffinamoblamientos.com.ar\/page\/wp-content\/uploads\/2021\/04\/Combo_KeniaPNG.-home.jpg\u00bb _builder_version=\u00bb4.9.2&#8243; _module_preset=\u00bbdefault\u00bb background_enable_color=\u00bboff\u00bb hover_enabled=\u00bb0&#8243; sticky_transition=\u00bbon\u00bb sticky_enabled=\u00bb0&#8243;][\/et_pb_slide][et_pb_slide image=\u00bbhttp:\/\/raffinamoblamientos.com.ar\/page\/wp-content\/uploads\/2021\/04\/cromada-home.jpg\u00bb _builder_version=\u00bb4.9.2&#8243; _module_preset=\u00bbdefault\u00bb background_enable_color=\u00bboff\u00bb hover_enabled=\u00bb0&#8243; sticky_transition=\u00bbon\u00bb sticky_enabled=\u00bb0&#8243;][\/et_pb_slide][et_pb_slide image=\u00bbhttp:\/\/raffinamoblamientos.com.ar\/page\/wp-content\/uploads\/2021\/03\/hogar-home.jpg\u00bb _builder_version=\u00bb4.9.2&#8243; _module_preset=\u00bbdefault\u00bb background_enable_color=\u00bboff\u00bb hover_enabled=\u00bb0&#8243; sticky_transition=\u00bbon\u00bb sticky_enabled=\u00bb0&#8243;][\/et_pb_slide][\/et_pb_slider][\/et_pb_column][\/et_pb_row][\/et_pb_section][et_pb_section fb_built=\u00bb1&#8243; _builder_version=\u00bb4.9.2&#8243; _module_preset=\u00bbdefault\u00bb background_image=\u00bbhttp:\/\/raffinamoblamientos.com.ar\/page\/wp-content\/uploads\/2021\/03\/slider-escolar.jpg\u00bb parallax=\u00bbon\u00bb parallax_method=\u00bboff\u00bb custom_padding=\u00bb0px||0px||true|false\u00bb][et_pb_row custom_padding_last_edited=\u00bboff|desktop\u00bb _builder_version=\u00bb4.9.2&#8243; _module_preset=\u00bbdefault\u00bb background_color=\u00bbrgba(37,37,37,0.9)\u00bb width=\u00bb100%\u00bb max_width=\u00bbnone\u00bb custom_padding=\u00bb60px|20px|60px|20px|true|true\u00bb hover_enabled=\u00bb0&#8243; sticky_enabled=\u00bb0&#8243;][et_pb_column type=\u00bb4_4&#8243; _builder_version=\u00bb4.9.2&#8243; _module_preset=\u00bbdefault\u00bb][et_pb_text _builder_version=\u00bb4.9.2&#8243; _module_preset=\u00bbdefault\u00bb header_text_color=\u00bb#FFFFFF\u00bb header_3_font=\u00bb||||||||\u00bb header_3_text_align=\u00bbcenter\u00bb header_3_text_color=\u00bb#FFFFFF\u00bb header_3_font_size=\u00bb34px\u00bb header_3_line_height=\u00bb1.2em\u00bb custom_margin=\u00bb0px||20px||false|false\u00bb custom_padding=\u00bb||||false|false\u00bb hover_enabled=\u00bb0&#8243; header_3_font_size_tablet=\u00bb30px\u00bb header_3_font_size_phone=\u00bb24px\u00bb header_3_font_size_last_edited=\u00bbon|phone\u00bb sticky_enabled=\u00bb0&#8243;]<\/p>\n<h3>Descargue nuestro cat\u00e1logo escolar completo<\/h3>\n<p>[\/et_pb_text][et_pb_button button_text=\u00bbDescargar cat\u00e1logo\u00bb button_alignment=\u00bbcenter\u00bb _builder_version=\u00bb4.9.2&#8243; _module_preset=\u00bbdefault\u00bb custom_button=\u00bbon\u00bb button_text_size=\u00bb14px\u00bb button_text_color=\u00bb#FFFFFF\u00bb button_bg_color=\u00bbRGBA(0,0,0,0)\u00bb button_border_width=\u00bb2px\u00bb button_border_color=\u00bb#ffed00&#8243; button_border_radius=\u00bb6px\u00bb button_font=\u00bb|600||on|||||\u00bb button_icon=\u00bb%%3%%\u00bb custom_padding=\u00bb12px|25px|12px|25px|true|true\u00bb hover_enabled=\u00bb0&#8243; button_bg_color__hover_enabled=\u00bbon|hover\u00bb button_bg_color__hover=\u00bb#ffed00&#8243; button_bg_enable_color__hover=\u00bbon\u00bb button_border_color__hover_enabled=\u00bboff|hover\u00bb button_border_color__hover=\u00bb#252525&#8243; button_text_color__hover_enabled=\u00bbon|hover\u00bb button_text_color__hover=\u00bb#252525&#8243; sticky_enabled=\u00bb0&#8243;][\/et_pb_button][et_pb_button button_text=\u00bbDescargar cat\u00e1logo\u00bb button_alignment=\u00bbcenter\u00bb _builder_version=\u00bb4.9.2&#8243; _module_preset=\u00bbdefault\u00bb custom_button=\u00bbon\u00bb button_text_size=\u00bb14px\u00bb button_text_color=\u00bb#FFFFFF\u00bb button_bg_color=\u00bbRGBA(0,0,0,0)\u00bb button_border_width=\u00bb2px\u00bb button_border_color=\u00bb#ffed00&#8243; button_border_radius=\u00bb6px\u00bb button_font=\u00bb|600||on|||||\u00bb button_icon=\u00bb%%3%%\u00bb custom_padding=\u00bb12px|25px|12px|25px|true|true\u00bb hover_enabled=\u00bb0&#8243; button_bg_color__hover_enabled=\u00bbon|hover\u00bb button_bg_color__hover=\u00bb#ffed00&#8243; button_bg_enable_color__hover=\u00bbon\u00bb button_border_color__hover_enabled=\u00bboff|hover\u00bb button_border_color__hover=\u00bb#252525&#8243; button_text_color__hover_enabled=\u00bbon|hover\u00bb button_text_color__hover=\u00bb#252525&#8243; sticky_enabled=\u00bb0&#8243;][\/et_pb_button][\/et_pb_column][\/et_pb_row][\/et_pb_section][et_pb_section fb_built=\u00bb1&#8243; custom_padding_last_edited=\u00bbon|phone\u00bb _builder_version=\u00bb4.9.2&#8243; _module_preset=\u00bbdefault\u00bb background_color=\u00bb#f6f6f6&#8243; custom_padding=\u00bb70px||70px||true|false\u00bb custom_padding_tablet=\u00bb\u00bb custom_padding_phone=\u00bb40px||40px||true|false\u00bb][et_pb_row _builder_version=\u00bb4.9.2&#8243; _module_preset=\u00bbdefault\u00bb width=\u00bb90%\u00bb max_width=\u00bbnone\u00bb custom_padding=\u00bb||0px||false|false\u00bb][et_pb_column type=\u00bb4_4&#8243; _builder_version=\u00bb4.9.2&#8243; _module_preset=\u00bbdefault\u00bb][et_pb_text _builder_version=\u00bb4.9.2&#8243; _module_preset=\u00bbdefault\u00bb header_3_font=\u00bb|600|||||||\u00bb header_3_text_align=\u00bbcenter\u00bb header_3_font_size=\u00bb34px\u00bb custom_margin=\u00bb||15px||false|false\u00bb hover_enabled=\u00bb0&#8243; header_3_font_size_tablet=\u00bb\u00bb header_3_font_size_phone=\u00bb7vw\u00bb header_3_font_size_last_edited=\u00bbon|phone\u00bb sticky_enabled=\u00bb0&#8243;]<\/p>\n<h3>Productos l\u00ednea Escolar<\/h3>\n<p>[\/et_pb_text][et_pb_divider color=\u00bb#ffed00&#8243; divider_weight=\u00bb2px\u00bb _builder_version=\u00bb4.9.2&#8243; _module_preset=\u00bbdefault\u00bb width=\u00bb5%\u00bb module_alignment=\u00bbcenter\u00bb custom_margin=\u00bb||15px||false|false\u00bb][\/et_pb_divider][\/et_pb_column][\/et_pb_row][et_pb_row _builder_version=\u00bb4.9.2&#8243; _module_preset=\u00bbdefault\u00bb width=\u00bb94%\u00bb max_width=\u00bbnone\u00bb][et_pb_column type=\u00bb4_4&#8243; _builder_version=\u00bb4.9.2&#8243; _module_preset=\u00bbdefault\u00bb][et_pb_shop type=\u00bbproduct_category\u00bb posts_number=\u00bb4&#8243; include_categories=\u00bb22&#8243; columns_number=\u00bb4&#8243; orderby=\u00bbdate-desc\u00bb icon_hover_color=\u00bb#000000&#8243; hover_icon=\u00bb%%200%%\u00bb _builder_version=\u00bb4.9.2&#8243; title_font=\u00bb|600|||||||\u00bb title_text_color=\u00bb#252525&#8243; title_font_size=\u00bb18px\u00bb title_line_height=\u00bb1.4em\u00bb price_font=\u00bb|600|||||||\u00bb price_text_align=\u00bbcenter\u00bb price_text_color=\u00bb#888888&#8243; price_font_size=\u00bb16px\u00bb price_letter_spacing=\u00bb1px\u00bb price_line_height=\u00bb20px\u00bb background_enable_color=\u00bboff\u00bb text_orientation=\u00bbcenter\u00bb custom_margin=\u00bb||0px||false|false\u00bb locked=\u00bboff\u00bb][\/et_pb_shop][et_pb_button button_url=\u00bbhttp:\/\/raffinamoblamientos.com.ar\/page\/product-category\/linea-hogar\/\u00bb button_text=\u00bbVer m\u00e1s productos\u00bb button_alignment=\u00bbcenter\u00bb _builder_version=\u00bb4.9.2&#8243; _module_preset=\u00bbdefault\u00bb custom_button=\u00bbon\u00bb button_text_size=\u00bb14px\u00bb button_text_color=\u00bb#252525&#8243; button_bg_color=\u00bb#ffed00&#8243; button_border_width=\u00bb2px\u00bb button_border_color=\u00bb#ffed00&#8243; button_border_radius=\u00bb6px\u00bb button_font=\u00bb|600||on|||||\u00bb button_icon=\u00bb%%3%%\u00bb custom_padding=\u00bb12px|25px|12px|25px|true|true\u00bb button_bg_color__hover_enabled=\u00bbon|hover\u00bb button_bg_color__hover=\u00bb#252525&#8243; button_bg_enable_color__hover=\u00bbon\u00bb button_border_color__hover_enabled=\u00bbon|hover\u00bb button_border_color__hover=\u00bb#252525&#8243; button_text_color__hover_enabled=\u00bbon|hover\u00bb button_text_color__hover=\u00bb#FFFFFF\u00bb][\/et_pb_button][\/et_pb_column][\/et_pb_row][\/et_pb_section][et_pb_section fb_built=\u00bb1&#8243; _builder_version=\u00bb4.9.2&#8243; _module_preset=\u00bbdefault\u00bb background_color=\u00bb#252525&#8243; background_enable_image=\u00bboff\u00bb background_size=\u00bbinitial\u00bb background_repeat=\u00bbrepeat\u00bb custom_padding=\u00bb45px||45px||true|false\u00bb][et_pb_row column_structure=\u00bb3_5,2_5&#8243; _builder_version=\u00bb4.9.2&#8243; _module_preset=\u00bbdefault\u00bb width=\u00bb87%\u00bb max_width=\u00bbnone\u00bb custom_padding=\u00bb10px||10px||true|false\u00bb][et_pb_column type=\u00bb3_5&#8243; _builder_version=\u00bb4.9.2&#8243; _module_preset=\u00bbdefault\u00bb][et_pb_text _builder_version=\u00bb4.9.2&#8243; _module_preset=\u00bbdefault\u00bb header_text_color=\u00bb#FFFFFF\u00bb header_3_font=\u00bb||||||||\u00bb header_3_text_align=\u00bbcenter\u00bb header_3_text_color=\u00bb#FFFFFF\u00bb header_3_font_size=\u00bb34px\u00bb custom_margin=\u00bb10px||||false|false\u00bb]<\/p>\n<h3>\u00bfTiene alguna duda o consulta?<\/h3>\n<p>[\/et_pb_text][\/et_pb_column][et_pb_column type=\u00bb2_5&#8243; _builder_version=\u00bb4.9.2&#8243; _module_preset=\u00bbdefault\u00bb][et_pb_button button_text=\u00bbCont\u00e1ctenos\u00bb button_alignment=\u00bbcenter\u00bb _builder_version=\u00bb4.9.2&#8243; _module_preset=\u00bbdefault\u00bb custom_button=\u00bbon\u00bb button_text_size=\u00bb14px\u00bb button_text_color=\u00bb#FFFFFF\u00bb button_bg_color=\u00bbRGBA(0,0,0,0)\u00bb button_border_width=\u00bb2px\u00bb button_border_color=\u00bb#ffed00&#8243; button_border_radius=\u00bb6px\u00bb button_font=\u00bb|600||on|||||\u00bb button_icon=\u00bb%%3%%\u00bb custom_padding=\u00bb12px|25px|12px|25px|true|true\u00bb button_bg_color__hover_enabled=\u00bbon|hover\u00bb button_bg_color__hover=\u00bb#ffed00&#8243; button_bg_enable_color__hover=\u00bbon\u00bb button_border_color__hover_enabled=\u00bboff|hover\u00bb button_border_color__hover=\u00bb#252525&#8243; button_text_color__hover_enabled=\u00bbon|hover\u00bb button_text_color__hover=\u00bb#252525&#8243;][\/et_pb_button][\/et_pb_column][\/et_pb_row][\/et_pb_section][et_pb_section fb_built=\u00bb1&#8243; _builder_version=\u00bb4.9.2&#8243; _module_preset=\u00bbdefault\u00bb background_color=\u00bb#f6f6f6&#8243; custom_padding=\u00bb70px||70px||true|false\u00bb][et_pb_row _builder_version=\u00bb4.9.2&#8243; _module_preset=\u00bbdefault\u00bb width=\u00bb90%\u00bb max_width=\u00bbnone\u00bb custom_padding=\u00bb||0px||false|false\u00bb][et_pb_column type=\u00bb4_4&#8243; _builder_version=\u00bb4.9.2&#8243; _module_preset=\u00bbdefault\u00bb][et_pb_text _builder_version=\u00bb4.9.2&#8243; _module_preset=\u00bbdefault\u00bb header_3_font=\u00bb|600|||||||\u00bb header_3_text_align=\u00bbcenter\u00bb header_3_font_size=\u00bb34px\u00bb custom_margin=\u00bb||15px||false|false\u00bb header_3_font_size_tablet=\u00bb\u00bb header_3_font_size_phone=\u00bb7vw\u00bb header_3_font_size_last_edited=\u00bbon|phone\u00bb]<\/p>\n<h3>Productos l\u00ednea Hogar<\/h3>\n<p>[\/et_pb_text][et_pb_divider color=\u00bb#ffed00&#8243; divider_weight=\u00bb2px\u00bb _builder_version=\u00bb4.9.2&#8243; _module_preset=\u00bbdefault\u00bb width=\u00bb5%\u00bb module_alignment=\u00bbcenter\u00bb custom_margin=\u00bb||15px||false|false\u00bb][\/et_pb_divider][\/et_pb_column][\/et_pb_row][et_pb_row _builder_version=\u00bb4.9.2&#8243; _module_preset=\u00bbdefault\u00bb width=\u00bb94%\u00bb max_width=\u00bbnone\u00bb][et_pb_column type=\u00bb4_4&#8243; _builder_version=\u00bb4.9.2&#8243; _module_preset=\u00bbdefault\u00bb][et_pb_shop type=\u00bbproduct_category\u00bb posts_number=\u00bb4&#8243; include_categories=\u00bb23&#8243; columns_number=\u00bb4&#8243; orderby=\u00bbdate-desc\u00bb icon_hover_color=\u00bb#000000&#8243; hover_icon=\u00bb%%200%%\u00bb _builder_version=\u00bb4.9.2&#8243; title_font=\u00bbMontserrat|600|||||||\u00bb title_text_color=\u00bb#252525&#8243; title_font_size=\u00bb18px\u00bb title_line_height=\u00bb1.4em\u00bb price_font=\u00bb|600|||||||\u00bb price_text_color=\u00bb#888888&#8243; price_font_size=\u00bb16px\u00bb price_letter_spacing=\u00bb1px\u00bb price_line_height=\u00bb20px\u00bb background_enable_color=\u00bboff\u00bb text_orientation=\u00bbcenter\u00bb custom_margin=\u00bb||0px||false|false\u00bb locked=\u00bboff\u00bb][\/et_pb_shop][et_pb_button button_url=\u00bbhttp:\/\/raffinamoblamientos.com.ar\/page\/product-category\/linea-escolar\/\u00bb button_text=\u00bbVer m\u00e1s productos\u00bb button_alignment=\u00bbcenter\u00bb _builder_version=\u00bb4.9.2&#8243; _module_preset=\u00bbdefault\u00bb custom_button=\u00bbon\u00bb button_text_size=\u00bb14px\u00bb button_text_color=\u00bb#252525&#8243; button_bg_color=\u00bb#ffed00&#8243; button_border_width=\u00bb2px\u00bb button_border_color=\u00bb#ffed00&#8243; button_border_radius=\u00bb6px\u00bb button_font=\u00bb|600||on|||||\u00bb button_icon=\u00bb%%3%%\u00bb custom_padding=\u00bb12px|25px|12px|25px|true|true\u00bb button_bg_color__hover_enabled=\u00bbon|hover\u00bb button_bg_color__hover=\u00bb#252525&#8243; button_bg_enable_color__hover=\u00bbon\u00bb button_border_color__hover_enabled=\u00bbon|hover\u00bb button_border_color__hover=\u00bb#252525&#8243; button_text_color__hover_enabled=\u00bbon|hover\u00bb button_text_color__hover=\u00bb#FFFFFF\u00bb][\/et_pb_button][\/et_pb_column][\/et_pb_row][\/et_pb_section]<\/p>\n","protected":false},"excerpt":{"rendered":"<p>NosotrosSomos una empresa familiar con m\u00e1s de 35 a\u00f1os en el rubro de la fabricaci\u00f3n y comercializaci\u00f3n de Mesas, Sillas y muebles de ca\u00f1o. La experiencia adquirida en estos a\u00f1os, nos posibilita brindarles a nuestros clientes asesoramiento y productos de calidad. A lo largo de estos a\u00f1os hemos cubierto la demanda de un p\u00fablico variado. [&hellip;]<\/p>\n","protected":false},"author":1,"featured_media":0,"parent":0,"menu_order":0,"comment_status":"closed","ping_status":"open","template":"","meta":{"_et_pb_use_builder":"on","_et_pb_old_content":"","_et_gb_content_width":"","footnotes":""},"class_list":["post-34","page","type-page","status-publish","hentry"],"_links":{"self":[{"href":"https:\/\/raffinamoblamientos.com.ar\/page\/wp-json\/wp\/v2\/pages\/34","targetHints":{"allow":["GET"]}}],"collection":[{"href":"https:\/\/raffinamoblamientos.com.ar\/page\/wp-json\/wp\/v2\/pages"}],"about":[{"href":"https:\/\/raffinamoblamientos.com.ar\/page\/wp-json\/wp\/v2\/types\/page"}],"author":[{"embeddable":true,"href":"https:\/\/raffinamoblamientos.com.ar\/page\/wp-json\/wp\/v2\/users\/1"}],"replies":[{"embeddable":true,"href":"https:\/\/raffinamoblamientos.com.ar\/page\/wp-json\/wp\/v2\/comments?post=34"}],"version-history":[{"count":90,"href":"https:\/\/raffinamoblamientos.com.ar\/page\/wp-json\/wp\/v2\/pages\/34\/revisions"}],"predecessor-version":[{"id":223979,"href":"https:\/\/raffinamoblamientos.com.ar\/page\/wp-json\/wp\/v2\/pages\/34\/revisions\/223979"}],"wp:attachment":[{"href":"https:\/\/raffinamoblamientos.com.ar\/page\/wp-json\/wp\/v2\/media?parent=34"}],"curies":[{"name":"wp","href":"https:\/\/api.w.org\/{rel}","templated":true}]}}